{"id":1113,"date":"2025-04-22T10:43:51","date_gmt":"2025-04-22T08:43:51","guid":{"rendered":"http:\/\/satisgeo.com\/?page_id=1113"},"modified":"2025-07-18T11:16:45","modified_gmt":"2025-07-18T09:16:45","slug":"o-spolecnosti","status":"publish","type":"page","link":"https:\/\/satisgeo.com\/cs\/o-spolecnosti\/","title":{"rendered":"O spole\u010dnosti"},"content":{"rendered":"<p><strong>SatisGeo<\/strong> je soukrom\u00e1 spole\u010dnost, kter\u00e1 se od roku 2003 specializuje na v\u00fdvoj a v\u00fdrobu geofyzik\u00e1ln\u00edch m\u011b\u0159ic\u00edch p\u0159\u00edstroj\u016f v \u010cesk\u00e9 republice, sou\u010d\u00e1sti Evropsk\u00e9 unie. Jako mal\u00e1 firma nab\u00edz\u00edme \u00fazce specializovan\u00e9 portfolio produkt\u016f:<\/p>\n<ul>\n<li><strong>Ter\u00e9nn\u00ed p\u0159\u00edstroje pro m\u011b\u0159en\u00ed magnetick\u00e9ho pole Zem\u011b<\/strong><\/li>\n<li><strong>P\u0159\u00edstroje pro m\u011b\u0159en\u00ed magnetick\u00e9 susceptibility (kappametry)<\/strong><\/li>\n<li><strong>Ter\u00e9nn\u00ed p\u0159\u00edstroje pro m\u011b\u0159en\u00ed gama z\u00e1\u0159en\u00ed.<\/strong><\/li>\n<\/ul>\n<p>Na\u0161\u00edm c\u00edlem je dod\u00e1vat vysoce kvalitn\u00ed p\u0159\u00edstroje s dlouhou \u017eivotnost\u00ed, snadn\u00fdm ovl\u00e1d\u00e1n\u00edm, flexibilitou a robustn\u00ed konstrukc\u00ed, kter\u00e9 jsou navr\u017eeny pro n\u00e1ro\u010dn\u00e9 podm\u00ednky v ter\u00e9nu. Neust\u00e1le inovujeme jak na\u0161e p\u0159\u00edstroje, tak software, abychom udr\u017eeli krok s nejnov\u011bj\u0161\u00edmi technologiemi a pot\u0159ebami na\u0161ich z\u00e1kazn\u00edk\u016f.<\/p>\n<p>Co n\u00e1s odli\u0161uje, je d\u016fraz na precizn\u00ed zpracov\u00e1n\u00ed, spolehlivost na\u0161ich produkt\u016f a osobn\u00ed p\u0159\u00edstup k z\u00e1kazn\u00edk\u016fm.<\/p>\n<p>Vyu\u017eit\u00ed na\u0161\u00edch p\u0159\u00edstroj\u016f:<\/p>\n<ul>\n<li><strong>PMG-2<\/strong> \u2013 hled\u00e1n\u00ed podzemn\u00edch struktur, lokalizace kovov\u00fdch p\u0159edm\u011bt\u016f, mapov\u00e1n\u00ed magnetick\u00e9ho pole Zem\u011b a magnetick\u00fdch anom\u00e1lii, vyhled\u00e1v\u00e1n\u00ed nerostn\u00fdch surovin, environment\u00e1ln\u00ed studie.<\/li>\n<li><strong>KM-7<\/strong> \u2013 identifikace miner\u00e1l\u016f, klasifikace hornin, hodnoceni kvality surovin, archeologie, enviroment\u00e1ln\u00ed studie, anal\u00fdza sedimentu a vrtn\u00fdch jader.<\/li>\n<li><strong>GS-512i<\/strong> \u2013 mapovan\u00ed obsahu uranu, thoria a drasl\u00edku, pr\u016fzkum lo\u017eisek uranu, detekce radionuklidu, detekce gama z\u00e1\u0159en\u00ed.<\/li>\n<\/ul>\n","protected":false},"excerpt":{"rendered":"<p>SatisGeo je soukrom\u00e1 spole\u010dnost, kter\u00e1 se od roku 2003 specializuje [&hellip;]<\/p>\n","protected":false},"author":1,"featured_media":0,"parent":0,"menu_order":0,"comment_status":"closed","ping_status":"closed","template":"","meta":{"footnotes":""},"class_list":["post-1113","page","type-page","status-publish","hentry"],"_links":{"self":[{"href":"https:\/\/satisgeo.com\/cs\/wp-json\/wp\/v2\/pages\/1113","targetHints":{"allow":["GET"]}}],"collection":[{"href":"https:\/\/satisgeo.com\/cs\/wp-json\/wp\/v2\/pages"}],"about":[{"href":"https:\/\/satisgeo.com\/cs\/wp-json\/wp\/v2\/types\/page"}],"author":[{"embeddable":true,"href":"https:\/\/satisgeo.com\/cs\/wp-json\/wp\/v2\/users\/1"}],"replies":[{"embeddable":true,"href":"https:\/\/satisgeo.com\/cs\/wp-json\/wp\/v2\/comments?post=1113"}],"version-history":[{"count":3,"href":"https:\/\/satisgeo.com\/cs\/wp-json\/wp\/v2\/pages\/1113\/revisions"}],"predecessor-version":[{"id":1485,"href":"https:\/\/satisgeo.com\/cs\/wp-json\/wp\/v2\/pages\/1113\/revisions\/1485"}],"wp:attachment":[{"href":"https:\/\/satisgeo.com\/cs\/wp-json\/wp\/v2\/media?parent=1113"}],"curies":[{"name":"wp","href":"https:\/\/api.w.org\/{rel}","templated":true}]}}