{"id":568,"date":"2020-01-17T09:45:04","date_gmt":"2020-01-17T08:45:04","guid":{"rendered":"http:\/\/satisgeo.com\/products\/"},"modified":"2025-08-12T10:09:02","modified_gmt":"2025-08-12T08:09:02","slug":"products","status":"publish","type":"page","link":"https:\/\/satisgeo.com\/cs\/products\/","title":{"rendered":"Produkty"},"content":{"rendered":"<p><div class=\"fusion-fullwidth fullwidth-box fusion-builder-row-1 fusion-flex-container nonhundred-percent-fullwidth non-hundred-percent-height-scrolling\" style=\"--awb-border-radius-top-left:0px;--awb-border-radius-top-right:0px;--awb-border-radius-bottom-right:0px;--awb-border-radius-bottom-left:0px;--awb-flex-wrap:wrap;\" ><div class=\"fusion-builder-row fusion-row fusion-flex-align-items-stretch fusion-flex-content-wrap\" style=\"max-width:1289.6px;margin-left: calc(-4% \/ 2 );margin-right: calc(-4% \/ 2 );\"><div class=\"fusion-layout-column fusion_builder_column fusion-builder-column-0 fusion_builder_column_1_1 1_1 fusion-flex-column\" style=\"--awb-padding-top:40px;--awb-padding-right:40px;--awb-padding-bottom:40px;--awb-padding-left:40px;--awb-bg-size:cover;--awb-border-color:rgba(26,94,68,0.25);--awb-border-top:2px;--awb-border-right:2px;--awb-border-bottom:2px;--awb-border-left:2px;--awb-border-style:solid;--awb-width-large:100%;--awb-margin-top-large:0px;--awb-spacing-right-large:1.92%;--awb-margin-bottom-large:40px;--awb-spacing-left-large:1.92%;--awb-width-medium:100%;--awb-spacing-right-medium:1.92%;--awb-spacing-left-medium:1.92%;--awb-width-small:100%;--awb-spacing-right-small:1.92%;--awb-spacing-left-small:1.92%;\"><div class=\"fusion-column-wrapper fusion-column-has-shadow fusion-flex-justify-content-flex-start fusion-content-layout-column\"><div class=\"fusion-builder-row fusion-builder-row-inner fusion-row fusion-flex-align-items-stretch fusion-flex-content-wrap\" style=\"width:104% !important;max-width:104% !important;margin-left: calc(-4% \/ 2 );margin-right: calc(-4% \/ 2 );\"><div class=\"fusion-layout-column fusion_builder_column_inner fusion-builder-nested-column-0 fusion_builder_column_inner_1_3 1_3 fusion-flex-column borderr\" style=\"--awb-padding-right:40px;--awb-bg-size:cover;--awb-border-color:rgba(26,94,68,0.25);--awb-border-right:2px;--awb-border-style:solid;--awb-width-large:33.3333333333%;--awb-margin-top-large:0px;--awb-spacing-right-large:5.76%;--awb-margin-bottom-large:20px;--awb-spacing-left-large:5.76%;--awb-width-medium:33.3333333333%;--awb-spacing-right-medium:5.76%;--awb-spacing-left-medium:5.76%;--awb-width-small:100%;--awb-spacing-right-small:1.92%;--awb-spacing-left-small:1.92%;\"><div class=\"fusion-column-wrapper fusion-column-has-shadow fusion-flex-justify-content-center fusion-content-layout-column\"><div class=\"fusion-image-carousel fusion-image-carousel-auto fusion-image-carousel-1 lightbox-enabled\"><div class=\"awb-carousel awb-swiper awb-swiper-carousel\" data-autoplay=\"no\" data-columns=\"1\" data-itemmargin=\"0\" data-itemwidth=\"180\" data-touchscroll=\"yes\" data-imagesize=\"auto\" style=\"--awb-columns:1;--awb-column-spacing:0px;\"><div class=\"swiper-wrapper awb-image-carousel-wrapper fusion-flex-align-items-center\"><div class=\"swiper-slide\"><div class=\"fusion-carousel-item-wrapper\"><div class=\"fusion-image-wrapper hover-type-none\"><img decoding=\"async\" width=\"700\" height=\"464\" src=\"https:\/\/satisgeo.com\/wp-content\/uploads\/2020\/01\/Untitled-1.png\" class=\"attachment-full size-full\" alt=\"PMG-2 Proton Magnetometer and Gradiometer - main console\" srcset=\"https:\/\/satisgeo.com\/wp-content\/uploads\/2020\/01\/Untitled-1-200x133.png 200w, https:\/\/satisgeo.com\/wp-content\/uploads\/2020\/01\/Untitled-1-300x199.png 300w, https:\/\/satisgeo.com\/wp-content\/uploads\/2020\/01\/Untitled-1-400x265.png 400w, https:\/\/satisgeo.com\/wp-content\/uploads\/2020\/01\/Untitled-1-600x398.png 600w, https:\/\/satisgeo.com\/wp-content\/uploads\/2020\/01\/Untitled-1.png 700w\" sizes=\"(max-width: 700px) 100vw, 700px\" \/><\/div><\/div><\/div><div class=\"swiper-slide\"><div class=\"fusion-carousel-item-wrapper\"><div class=\"fusion-image-wrapper hover-type-none\"><img decoding=\"async\" width=\"700\" height=\"464\" src=\"https:\/\/satisgeo.com\/wp-content\/uploads\/2020\/01\/Untitled-1.png\" class=\"attachment-full size-full\" alt=\"PMG-2 Proton Magnetometer and Gradiometer - main console\" srcset=\"https:\/\/satisgeo.com\/wp-content\/uploads\/2020\/01\/Untitled-1-200x133.png 200w, https:\/\/satisgeo.com\/wp-content\/uploads\/2020\/01\/Untitled-1-300x199.png 300w, https:\/\/satisgeo.com\/wp-content\/uploads\/2020\/01\/Untitled-1-400x265.png 400w, https:\/\/satisgeo.com\/wp-content\/uploads\/2020\/01\/Untitled-1-600x398.png 600w, https:\/\/satisgeo.com\/wp-content\/uploads\/2020\/01\/Untitled-1.png 700w\" sizes=\"(max-width: 700px) 100vw, 700px\" \/><\/div><\/div><\/div><div class=\"swiper-slide\"><div class=\"fusion-carousel-item-wrapper\"><div class=\"fusion-image-wrapper hover-type-none\"><img decoding=\"async\" width=\"700\" height=\"464\" src=\"https:\/\/satisgeo.com\/wp-content\/uploads\/2020\/01\/Untitled-1.png\" class=\"attachment-full size-full\" alt=\"PMG-2 Proton Magnetometer and Gradiometer - main console\" srcset=\"https:\/\/satisgeo.com\/wp-content\/uploads\/2020\/01\/Untitled-1-200x133.png 200w, https:\/\/satisgeo.com\/wp-content\/uploads\/2020\/01\/Untitled-1-300x199.png 300w, https:\/\/satisgeo.com\/wp-content\/uploads\/2020\/01\/Untitled-1-400x265.png 400w, https:\/\/satisgeo.com\/wp-content\/uploads\/2020\/01\/Untitled-1-600x398.png 600w, https:\/\/satisgeo.com\/wp-content\/uploads\/2020\/01\/Untitled-1.png 700w\" sizes=\"(max-width: 700px) 100vw, 700px\" \/><\/div><\/div><\/div><\/div><div class=\"awb-swiper-button awb-swiper-button-prev\"><i class=\"awb-icon-angle-left\" aria-hidden=\"true\"><\/i><\/div><div class=\"awb-swiper-button awb-swiper-button-next\"><i class=\"awb-icon-angle-right\" aria-hidden=\"true\"><\/i><\/div><\/div><\/div><\/div><\/div><div class=\"fusion-layout-column fusion_builder_column_inner fusion-builder-nested-column-1 fusion_builder_column_inner_2_3 2_3 fusion-flex-column\" style=\"--awb-bg-size:cover;--awb-width-large:66.6666666667%;--awb-margin-top-large:0px;--awb-spacing-right-large:2.88%;--awb-margin-bottom-large:20px;--awb-spacing-left-large:2.88%;--awb-width-medium:66.6666666667%;--awb-spacing-right-medium:2.88%;--awb-spacing-left-medium:2.88%;--awb-width-small:100%;--awb-spacing-right-small:1.92%;--awb-spacing-left-small:1.92%;\"><div class=\"fusion-column-wrapper fusion-column-has-shadow fusion-flex-justify-content-center fusion-content-layout-column\"><div class=\"fusion-title title fusion-title-1 fusion-sep-none fusion-title-text fusion-title-size-two\" style=\"--awb-margin-bottom:20px;--awb-margin-bottom-small:20px;\"><h2 class=\"fusion-title-heading title-heading-left fusion-responsive-typography-calculated\" style=\"margin:0;--fontSize:33;line-height:1.5;\">Protonov\u00e9 Magnetometry a Gradiometry<\/h2><\/div><div class=\"fusion-text fusion-text-1\"><p>SatisGeo vyr\u00e1b\u00ed protonov\u00e9 magnetometry ji\u017e od roku 2003. Na\u0161e produkty proch\u00e1zej\u00ed pr\u016fb\u011b\u017enou inovac\u00ed s d\u016frazem na vysokou spolehlivost, mechanickou odolnost a po\u017eadavky z\u00e1kazn\u00edku. Protonov\u00fd magnetometry firmy SatisGeo jsou prim\u00e1rn\u011b ur\u010deny pro ter\u00e9nn\u00ed pr\u016fzkum lo\u017eisek nerostn\u00fdch surovin. Sv\u00e9 vyu\u017eit\u00ed tak\u00e9 najdou nap\u0159\u00edklad p\u0159i hled\u00e1n\u00ed poh\u0159ben\u00fdch \u017eelezn\u00fd \u010d\u00e1st\u00ed, trubek a jin\u00fdch struktur.<\/p>\n<\/div><div ><a class=\"fusion-button button-flat fusion-button-default-size button-default fusion-button-default button-1 fusion-button-default-span fusion-button-default-type\" target=\"_self\" href=\"\/cs\/pmg-2-proton-magnetometer-and-gradiometer\/\"><span class=\"fusion-button-text\">V\u00edce informac\u00ed<\/span><\/a><\/div><\/div><\/div><\/div><\/div><\/div><\/div><\/div><div class=\"fusion-fullwidth fullwidth-box fusion-builder-row-2 fusion-flex-container nonhundred-percent-fullwidth non-hundred-percent-height-scrolling\" style=\"--awb-border-radius-top-left:0px;--awb-border-radius-top-right:0px;--awb-border-radius-bottom-right:0px;--awb-border-radius-bottom-left:0px;--awb-flex-wrap:wrap;\" ><div class=\"fusion-builder-row fusion-row fusion-flex-align-items-stretch fusion-flex-content-wrap\" style=\"max-width:1289.6px;margin-left: calc(-4% \/ 2 );margin-right: calc(-4% \/ 2 );\"><div class=\"fusion-layout-column fusion_builder_column fusion-builder-column-1 fusion_builder_column_1_1 1_1 fusion-flex-column\" style=\"--awb-padding-top:40px;--awb-padding-right:40px;--awb-padding-bottom:40px;--awb-padding-left:40px;--awb-bg-size:cover;--awb-border-color:rgba(26,94,68,0.25);--awb-border-top:2px;--awb-border-right:2px;--awb-border-bottom:2px;--awb-border-left:2px;--awb-border-style:solid;--awb-width-large:100%;--awb-margin-top-large:0px;--awb-spacing-right-large:1.92%;--awb-margin-bottom-large:40px;--awb-spacing-left-large:1.92%;--awb-width-medium:100%;--awb-spacing-right-medium:1.92%;--awb-spacing-left-medium:1.92%;--awb-width-small:100%;--awb-spacing-right-small:1.92%;--awb-spacing-left-small:1.92%;\"><div class=\"fusion-column-wrapper fusion-column-has-shadow fusion-flex-justify-content-flex-start fusion-content-layout-column\"><div class=\"fusion-builder-row fusion-builder-row-inner fusion-row fusion-flex-align-items-stretch fusion-flex-content-wrap\" style=\"width:104% !important;max-width:104% !important;margin-left: calc(-4% \/ 2 );margin-right: calc(-4% \/ 2 );\"><div class=\"fusion-layout-column fusion_builder_column_inner fusion-builder-nested-column-2 fusion_builder_column_inner_1_3 1_3 fusion-flex-column borderr\" style=\"--awb-padding-right:40px;--awb-bg-size:cover;--awb-border-color:rgba(26,94,68,0.25);--awb-border-right:2px;--awb-border-style:solid;--awb-width-large:33.3333333333%;--awb-margin-top-large:0px;--awb-spacing-right-large:5.76%;--awb-margin-bottom-large:20px;--awb-spacing-left-large:5.76%;--awb-width-medium:33.3333333333%;--awb-spacing-right-medium:5.76%;--awb-spacing-left-medium:5.76%;--awb-width-small:100%;--awb-spacing-right-small:1.92%;--awb-spacing-left-small:1.92%;\"><div class=\"fusion-column-wrapper fusion-column-has-shadow fusion-flex-justify-content-center fusion-content-layout-column\"><div class=\"fusion-image-element \" style=\"text-align:center;--awb-caption-title-font-family:var(--h2_typography-font-family);--awb-caption-title-font-weight:var(--h2_typography-font-weight);--awb-caption-title-font-style:var(--h2_typography-font-style);--awb-caption-title-size:var(--h2_typography-font-size);--awb-caption-title-transform:var(--h2_typography-text-transform);--awb-caption-title-line-height:var(--h2_typography-line-height);--awb-caption-title-letter-spacing:var(--h2_typography-letter-spacing);\"><span class=\" fusion-imageframe imageframe-none imageframe-1 hover-type-none\"><img decoding=\"async\" width=\"700\" height=\"529\" alt=\"KM-7 Magnetic Susceptibility Meter\" src=\"http:\/\/satisgeo.com\/wp-content\/uploads\/2020\/01\/Untitled-2.png\" class=\"img-responsive wp-image-644\" srcset=\"https:\/\/satisgeo.com\/wp-content\/uploads\/2020\/01\/Untitled-2-200x151.png 200w, https:\/\/satisgeo.com\/wp-content\/uploads\/2020\/01\/Untitled-2-400x302.png 400w, https:\/\/satisgeo.com\/wp-content\/uploads\/2020\/01\/Untitled-2-600x453.png 600w, https:\/\/satisgeo.com\/wp-content\/uploads\/2020\/01\/Untitled-2.png 700w\" sizes=\"(max-width: 640px) 100vw, 400px\" \/><\/span><\/div><\/div><\/div><div class=\"fusion-layout-column fusion_builder_column_inner fusion-builder-nested-column-3 fusion_builder_column_inner_2_3 2_3 fusion-flex-column\" style=\"--awb-bg-size:cover;--awb-width-large:66.6666666667%;--awb-margin-top-large:0px;--awb-spacing-right-large:2.88%;--awb-margin-bottom-large:20px;--awb-spacing-left-large:3.84%;--awb-width-medium:66.6666666667%;--awb-spacing-right-medium:2.88%;--awb-spacing-left-medium:3.84%;--awb-width-small:100%;--awb-spacing-right-small:1.92%;--awb-spacing-left-small:1.92%;\"><div class=\"fusion-column-wrapper fusion-column-has-shadow fusion-flex-justify-content-center fusion-content-layout-column\"><div class=\"fusion-title title fusion-title-2 fusion-sep-none fusion-title-text fusion-title-size-two\" style=\"--awb-margin-bottom:20px;--awb-margin-bottom-small:20px;\"><h2 class=\"fusion-title-heading title-heading-left fusion-responsive-typography-calculated\" style=\"margin:0;--fontSize:33;line-height:1.5;\">Ter\u00e9nn\u00ed M\u011b\u0159i\u010de Magnetick\u00e9 Susceptibility<\/h2><\/div><div class=\"fusion-text fusion-text-2\"><p>SatisGeo vyr\u00e1b\u00ed p\u0159\u00edstroje pro m\u011b\u0159en\u00ed magnetick\u00e9 susceptibility (kappa metry) ji\u017e od roku 2003. Na\u0161e produkty proch\u00e1zej\u00ed pr\u016fb\u011b\u017enou inovac\u00ed s d\u016frazem na vysokou spolehlivost, mechanickou odolnost a po\u017eadavky z\u00e1kazn\u00edku. Kapa metry firmy SatisGeo jsou ur\u010deny pro vyu\u017eiti v ter\u00e9nu pro rychl\u00e9 orienta\u010dn\u00ed m\u011b\u0159en\u00ed magnetick\u00fdch vlastnosti hornin, nebo pro t\u0159\u00edd\u011bn\u00ed zaj\u00edmav\u00fdch vzorku pro dal\u0161\u00ed laboratorn\u00ed zpracov\u00e1n\u00ed. Na\u0161e kapa metry jsou tak\u00e9 pou\u017eiteln\u00e9 pro m\u011b\u0159en\u00ed na vrtn\u00fdch j\u00e1drech a m\u011b\u0159en\u00ed jejich profil\u016f.<\/p>\n<\/div><div ><a class=\"fusion-button button-flat fusion-button-default-size button-default fusion-button-default button-2 fusion-button-default-span fusion-button-default-type\" target=\"_self\" href=\"\/cs\/susceptibility-meters\/km-7-meric-magneticke-susceptibility\/\"><span class=\"fusion-button-text\">V\u00edce informac\u00ed<\/span><\/a><\/div><\/div><\/div><\/div><\/div><\/div><\/div><\/div><div class=\"fusion-fullwidth fullwidth-box fusion-builder-row-3 fusion-flex-container nonhundred-percent-fullwidth non-hundred-percent-height-scrolling\" style=\"--awb-border-radius-top-left:0px;--awb-border-radius-top-right:0px;--awb-border-radius-bottom-right:0px;--awb-border-radius-bottom-left:0px;--awb-flex-wrap:wrap;\" ><div class=\"fusion-builder-row fusion-row fusion-flex-align-items-stretch fusion-flex-content-wrap\" style=\"max-width:1289.6px;margin-left: calc(-4% \/ 2 );margin-right: calc(-4% \/ 2 );\"><div class=\"fusion-layout-column fusion_builder_column fusion-builder-column-2 fusion_builder_column_1_1 1_1 fusion-flex-column\" style=\"--awb-padding-top:40px;--awb-padding-right:40px;--awb-padding-bottom:40px;--awb-padding-left:40px;--awb-bg-size:cover;--awb-border-color:rgba(26,94,68,0.25);--awb-border-top:2px;--awb-border-right:2px;--awb-border-bottom:2px;--awb-border-left:2px;--awb-border-style:solid;--awb-width-large:100%;--awb-margin-top-large:0px;--awb-spacing-right-large:1.92%;--awb-margin-bottom-large:40px;--awb-spacing-left-large:1.92%;--awb-width-medium:100%;--awb-spacing-right-medium:1.92%;--awb-spacing-left-medium:1.92%;--awb-width-small:100%;--awb-spacing-right-small:1.92%;--awb-spacing-left-small:1.92%;\"><div class=\"fusion-column-wrapper fusion-column-has-shadow fusion-flex-justify-content-flex-start fusion-content-layout-column\"><div class=\"fusion-builder-row fusion-builder-row-inner fusion-row fusion-flex-align-items-stretch fusion-flex-content-wrap\" style=\"width:104% !important;max-width:104% !important;margin-left: calc(-4% \/ 2 );margin-right: calc(-4% \/ 2 );\"><div class=\"fusion-layout-column fusion_builder_column_inner fusion-builder-nested-column-4 fusion_builder_column_inner_1_3 1_3 fusion-flex-column borderr\" style=\"--awb-padding-right:40px;--awb-bg-size:cover;--awb-border-color:rgba(26,94,68,0.25);--awb-border-right:2px;--awb-border-style:solid;--awb-width-large:33.3333333333%;--awb-margin-top-large:0px;--awb-spacing-right-large:5.76%;--awb-margin-bottom-large:20px;--awb-spacing-left-large:5.76%;--awb-width-medium:33.3333333333%;--awb-spacing-right-medium:5.76%;--awb-spacing-left-medium:5.76%;--awb-width-small:100%;--awb-spacing-right-small:1.92%;--awb-spacing-left-small:1.92%;\"><div class=\"fusion-column-wrapper fusion-column-has-shadow fusion-flex-justify-content-center fusion-content-layout-column\"><div class=\"fusion-image-element \" style=\"text-align:center;--awb-caption-title-font-family:var(--h2_typography-font-family);--awb-caption-title-font-weight:var(--h2_typography-font-weight);--awb-caption-title-font-style:var(--h2_typography-font-style);--awb-caption-title-size:var(--h2_typography-font-size);--awb-caption-title-transform:var(--h2_typography-text-transform);--awb-caption-title-line-height:var(--h2_typography-line-height);--awb-caption-title-letter-spacing:var(--h2_typography-letter-spacing);\"><span class=\" fusion-imageframe imageframe-none imageframe-2 hover-type-none\"><img decoding=\"async\" width=\"700\" height=\"445\" alt=\"GS-512i Portable Gamma-Ray Spectrometer - main console\" src=\"http:\/\/satisgeo.com\/wp-content\/uploads\/2020\/01\/Untitled-3.png\" class=\"img-responsive wp-image-576\" srcset=\"https:\/\/satisgeo.com\/wp-content\/uploads\/2020\/01\/Untitled-3-200x127.png 200w, https:\/\/satisgeo.com\/wp-content\/uploads\/2020\/01\/Untitled-3-400x254.png 400w, https:\/\/satisgeo.com\/wp-content\/uploads\/2020\/01\/Untitled-3-600x381.png 600w, https:\/\/satisgeo.com\/wp-content\/uploads\/2020\/01\/Untitled-3.png 700w\" sizes=\"(max-width: 640px) 100vw, 400px\" \/><\/span><\/div><\/div><\/div><div class=\"fusion-layout-column fusion_builder_column_inner fusion-builder-nested-column-5 fusion_builder_column_inner_2_3 2_3 fusion-flex-column\" style=\"--awb-bg-size:cover;--awb-width-large:66.6666666667%;--awb-margin-top-large:0px;--awb-spacing-right-large:2.88%;--awb-margin-bottom-large:20px;--awb-spacing-left-large:3.84%;--awb-width-medium:66.6666666667%;--awb-spacing-right-medium:2.88%;--awb-spacing-left-medium:3.84%;--awb-width-small:100%;--awb-spacing-right-small:1.92%;--awb-spacing-left-small:1.92%;\"><div class=\"fusion-column-wrapper fusion-column-has-shadow fusion-flex-justify-content-center fusion-content-layout-column\"><div class=\"fusion-title title fusion-title-3 fusion-sep-none fusion-title-text fusion-title-size-two\" style=\"--awb-margin-bottom:20px;--awb-margin-bottom-small:20px;\"><h2 class=\"fusion-title-heading title-heading-left fusion-responsive-typography-calculated\" style=\"margin:0;--fontSize:33;line-height:1.5;\">Ter\u00e9nn\u00ed Gamma Spektrometry<\/h2><\/div><div class=\"fusion-text fusion-text-3\"><p>SatisGeo vyr\u00e1b\u00ed poln\u00ed gama spektrometry ji\u017e od roku 2003. Na\u0161e produkty proch\u00e1zej\u00ed pr\u016fb\u011b\u017enou inovac\u00ed s d\u016frazem na vysokou spolehlivost, mechanickou odolnost a po\u017eadavky z\u00e1kazn\u00edku. Gama spektrometry firmy SatisGeo jsou prim\u00e1rn\u011b ur\u010deny pro ter\u00e9nn\u00ed pr\u016fzkum lo\u017eisek nerostn\u00fdch surovin, spektroskopii a m\u011b\u0159en\u00ed koncentrac\u00ed izotop\u016f K, U, Th a celkov\u00e9ho z\u00e1\u0159en\u00ed gama.<\/p>\n<\/div><div ><a class=\"fusion-button button-flat fusion-button-default-size button-default fusion-button-default button-3 fusion-button-default-span fusion-button-default-type\" target=\"_self\" href=\"\/cs\/spectrometers\/gs-512i-prenosny-gama-spektrometr\/\"><span class=\"fusion-button-text\">V\u00edce informac\u00ed<\/span><\/a><\/div><\/div><\/div><\/div><\/div><\/div><\/div><\/div><\/p>\n","protected":false},"excerpt":{"rendered":"","protected":false},"author":1,"featured_media":0,"parent":0,"menu_order":0,"comment_status":"closed","ping_status":"closed","template":"100-width.php","meta":{"footnotes":""},"class_list":["post-568","page","type-page","status-publish","hentry"],"_links":{"self":[{"href":"https:\/\/satisgeo.com\/cs\/wp-json\/wp\/v2\/pages\/568","targetHints":{"allow":["GET"]}}],"collection":[{"href":"https:\/\/satisgeo.com\/cs\/wp-json\/wp\/v2\/pages"}],"about":[{"href":"https:\/\/satisgeo.com\/cs\/wp-json\/wp\/v2\/types\/page"}],"author":[{"embeddable":true,"href":"https:\/\/satisgeo.com\/cs\/wp-json\/wp\/v2\/users\/1"}],"replies":[{"embeddable":true,"href":"https:\/\/satisgeo.com\/cs\/wp-json\/wp\/v2\/comments?post=568"}],"version-history":[{"count":9,"href":"https:\/\/satisgeo.com\/cs\/wp-json\/wp\/v2\/pages\/568\/revisions"}],"predecessor-version":[{"id":1578,"href":"https:\/\/satisgeo.com\/cs\/wp-json\/wp\/v2\/pages\/568\/revisions\/1578"}],"wp:attachment":[{"href":"https:\/\/satisgeo.com\/cs\/wp-json\/wp\/v2\/media?parent=568"}],"curies":[{"name":"wp","href":"https:\/\/api.w.org\/{rel}","templated":true}]}}